{"id":982,"date":"2022-05-16T10:52:44","date_gmt":"2022-05-16T08:52:44","guid":{"rendered":"https:\/\/alohajoy.fr\/?page_id=982"},"modified":"2022-06-21T15:24:43","modified_gmt":"2022-06-21T13:24:43","slug":"politique-de-confidentialite-2","status":"publish","type":"page","link":"https:\/\/alohajoy.fr\/index.php\/politique-de-confidentialite-2\/","title":{"rendered":"Politique de confidentialit\u00e9"},"content":{"rendered":"\t\t<div data-elementor-type=\"wp-page\" data-elementor-id=\"982\" class=\"elementor elementor-982\">\n\t\t\t\t\t\t\t\t\t<section class=\"elementor-section elementor-top-section elementor-element elementor-element-5131a13e elementor-section-boxed elementor-section-height-default elementor-section-height-default\" data-id=\"5131a13e\" data-element_type=\"section\" data-settings=\"{&quot;background_background&quot;:&quot;classic&quot;}\">\n\t\t\t\t\t\t\t<div class=\"elementor-background-overlay\"><\/div>\n\t\t\t\t\t\t\t<div class=\"elementor-container elementor-column-gap-default\">\n\t\t\t\t\t<div class=\"elementor-column elementor-col-100 elementor-top-column elementor-element elementor-element-1053ca7a\" data-id=\"1053ca7a\" data-element_type=\"column\">\n\t\t\t<div class=\"elementor-widget-wrap elementor-element-populated\">\n\t\t\t\t\t\t\t\t<div class=\"elementor-element elementor-element-3d99e122 elementor-widget elementor-widget-heading\" data-id=\"3d99e122\" data-element_type=\"widget\" data-widget_type=\"heading.default\">\n\t\t\t\t<div class=\"elementor-widget-container\">\n\t\t\t<style>\/*! elementor - v3.18.0 - 20-12-2023 *\/\n.elementor-heading-title{padding:0;margin:0;line-height:1}.elementor-widget-heading .elementor-heading-title[class*=elementor-size-]>a{color:inherit;font-size:inherit;line-height:inherit}.elementor-widget-heading .elementor-heading-title.elementor-size-small{font-size:15px}.elementor-widget-heading .elementor-heading-title.elementor-size-medium{font-size:19px}.elementor-widget-heading .elementor-heading-title.elementor-size-large{font-size:29px}.elementor-widget-heading .elementor-heading-title.elementor-size-xl{font-size:39px}.elementor-widget-heading .elementor-heading-title.elementor-size-xxl{font-size:59px}<\/style><h1 class=\"elementor-heading-title elementor-size-default\">Politique de confidentialit\u00e9<\/h1>\t\t<\/div>\n\t\t\t\t<\/div>\n\t\t\t\t\t<\/div>\n\t\t<\/div>\n\t\t\t\t\t\t\t<\/div>\n\t\t<\/section>\n\t\t\t\t<section class=\"elementor-section elementor-top-section elementor-element elementor-element-59dae4a elementor-section-boxed elementor-section-height-default elementor-section-height-default\" data-id=\"59dae4a\" data-element_type=\"section\">\n\t\t\t\t\t\t<div class=\"elementor-container elementor-column-gap-default\">\n\t\t\t\t\t<div class=\"elementor-column elementor-col-100 elementor-top-column elementor-element elementor-element-25cda93\" data-id=\"25cda93\" data-element_type=\"column\">\n\t\t\t<div class=\"elementor-widget-wrap elementor-element-populated\">\n\t\t\t\t\t\t\t\t<div class=\"elementor-element elementor-element-3238287 elementor-widget elementor-widget-text-editor\" data-id=\"3238287\" data-element_type=\"widget\" data-widget_type=\"text-editor.default\">\n\t\t\t\t<div class=\"elementor-widget-container\">\n\t\t\t<style>\/*! elementor - v3.18.0 - 20-12-2023 *\/\n.elementor-widget-text-editor.elementor-drop-cap-view-stacked .elementor-drop-cap{background-color:#69727d;color:#fff}.elementor-widget-text-editor.elementor-drop-cap-view-framed .elementor-drop-cap{color:#69727d;border:3px solid;background-color:transparent}.elementor-widget-text-editor:not(.elementor-drop-cap-view-default) .elementor-drop-cap{margin-top:8px}.elementor-widget-text-editor:not(.elementor-drop-cap-view-default) .elementor-drop-cap-letter{width:1em;height:1em}.elementor-widget-text-editor .elementor-drop-cap{float:left;text-align:center;line-height:1;font-size:50px}.elementor-widget-text-editor .elementor-drop-cap-letter{display:inline-block}<\/style>\t\t\t\t<p><span style=\"color: #1c1b1b; font-family: Poppins, sans-serif; font-size: 13px;\">La pr\u00e9sente charte (ci-apr\u00e8s \u00ab la Charte \u00bb) pr\u00e9sente les engagements de Alohajoy.fr pour la protection des Donn\u00e9es Personnelles des internautes visitant le pr\u00e9sent site ou la pr\u00e9sente application (ci-apr\u00e8s d\u00e9sign\u00e9 \u00ab le Site \u00bb) et des utilisateurs des Services. Elle vous informe \u00e9galement des proc\u00e9d\u00e9s de collecte et d\u2019utilisation de vos Donn\u00e9es Personnelles et des options dont vous b\u00e9n\u00e9ficiez \u00e0 cet \u00e9gard.\u00a0<\/span><span style=\"color: #1c1b1b; font-family: Poppins, sans-serif; font-size: 13px;\">Elle pourra \u00eatre modifi\u00e9e \u00e0 tout moment par\u00a0<\/span><span style=\"color: #1c1b1b; font-family: Poppins, sans-serif; font-size: 13px;\">Alohajoy.fr<\/span><span style=\"color: #1c1b1b; font-family: Poppins, sans-serif; font-size: 13px;\">, au gr\u00e9 des modifications effectu\u00e9es, afin notamment de se conformer \u00e0 toutes \u00e9volutions r\u00e9glementaires, jurisprudentielles, \u00e9ditoriales et\/ou techniques.<\/span><\/p><p><span style=\"color: #1c1b1b; font-family: Poppins, sans-serif; font-size: 13px;\">Il vous est conseill\u00e9 de vous r\u00e9f\u00e9rer avant toute navigation \u00e0 la derni\u00e8re version de la Charte accessible sur nos Services.<\/span><br style=\"-webkit-font-smoothing: antialiased; color: #1c1b1b; font-family: Poppins, sans-serif; font-size: 13px;\" \/><br style=\"-webkit-font-smoothing: antialiased; color: #1c1b1b; font-family: Poppins, sans-serif; font-size: 13px;\" \/><span style=\"color: #1c1b1b; font-family: Poppins, sans-serif; font-size: 13px;\">Alohajoy.fr respecte le R\u00e8glement G\u00e9n\u00e9ral sur la Protection des Donn\u00e9es, n\u00b0 2016\/679 du 27 avril 2016, la loi \u00ab Informatique &amp; Libert\u00e9s \u00bb n\u00b0 78-17 du 6 janvier 1978 modifi\u00e9e, ainsi que la loi \u00ab pour la confiance dans l\u2019\u00e9conomie num\u00e9rique \u00bb n\u00b0 2004-575 du 21 juin 2004 (article L. 34-5du Code des postes et des communications \u00e9lectroniques).<\/span><br style=\"-webkit-font-smoothing: antialiased; color: #1c1b1b; font-family: Poppins, sans-serif; font-size: 13px;\" \/><br style=\"-webkit-font-smoothing: antialiased; color: #1c1b1b; font-family: Poppins, sans-serif; font-size: 13px;\" \/><span style=\"color: #1c1b1b; font-family: Poppins, sans-serif; font-size: 13px;\">Alohajoy.fr<\/span><span style=\"color: #1c1b1b; font-family: Poppins, sans-serif; font-size: 13px;\">\u00a0a d\u00e9sign\u00e9 un d\u00e9l\u00e9gu\u00e9 \u00e0 la protection des donn\u00e9es en charge notamment du droit \u00e0 l\u2019information, du droit d\u2019acc\u00e8s, de rectification, d\u2019opposition, d\u2019effacement, de limitation et de portabilit\u00e9 dont vous disposez conform\u00e9ment \u00e0 ladite loi (mail : audrey.papadopoulos@hotmail.fr).<\/span><br style=\"-webkit-font-smoothing: antialiased; color: #1c1b1b; font-family: Poppins, sans-serif; font-size: 13px;\" \/><br style=\"-webkit-font-smoothing: antialiased; color: #1c1b1b; font-family: Poppins, sans-serif; font-size: 13px;\" \/><span style=\"color: #1c1b1b; font-family: Poppins, sans-serif; font-size: 13px;\">La Charte s\u2019applique en compl\u00e9ment des dispositions des Conditions G\u00e9n\u00e9rales d\u2019Utilisation des Services et des Conditions G\u00e9n\u00e9rales de Vente des Services, lorsqu\u2019elles existent.<\/span><\/p>\t\t\t\t\t\t<\/div>\n\t\t\t\t<\/div>\n\t\t\t\t\t<\/div>\n\t\t<\/div>\n\t\t\t\t\t\t\t<\/div>\n\t\t<\/section>\n\t\t\t\t<section class=\"elementor-section elementor-top-section elementor-element elementor-element-141ebfd elementor-section-boxed elementor-section-height-default elementor-section-height-default\" data-id=\"141ebfd\" data-element_type=\"section\">\n\t\t\t\t\t\t<div class=\"elementor-container elementor-column-gap-default\">\n\t\t\t\t\t<div class=\"elementor-column elementor-col-100 elementor-top-column elementor-element elementor-element-cbc930e\" data-id=\"cbc930e\" data-element_type=\"column\">\n\t\t\t<div class=\"elementor-widget-wrap\">\n\t\t\t\t\t\t\t\t\t<\/div>\n\t\t<\/div>\n\t\t\t\t\t\t\t<\/div>\n\t\t<\/section>\n\t\t\t\t<section class=\"elementor-section elementor-top-section elementor-element elementor-element-11c2fa7 elementor-section-boxed elementor-section-height-default elementor-section-height-default\" data-id=\"11c2fa7\" data-element_type=\"section\">\n\t\t\t\t\t\t<div class=\"elementor-container elementor-column-gap-default\">\n\t\t\t\t\t<div class=\"elementor-column elementor-col-100 elementor-top-column elementor-element elementor-element-9645cc0\" data-id=\"9645cc0\" data-element_type=\"column\">\n\t\t\t<div class=\"elementor-widget-wrap\">\n\t\t\t\t\t\t\t\t\t<\/div>\n\t\t<\/div>\n\t\t\t\t\t\t\t<\/div>\n\t\t<\/section>\n\t\t\t\t\t\t\t<\/div>\n\t\t","protected":false},"excerpt":{"rendered":"<p>Politique de confidentialit\u00e9 La pr\u00e9sente charte (ci-apr\u00e8s \u00ab la Charte \u00bb) pr\u00e9sente les engagements de Alohajoy.fr pour la protection des Donn\u00e9es Personnelles des internautes visitant le pr\u00e9sent site ou la pr\u00e9sente application (ci-apr\u00e8s d\u00e9sign\u00e9 \u00ab le Site \u00bb) et des utilisateurs des Services. Elle vous informe \u00e9galement des proc\u00e9d\u00e9s de collecte et d\u2019utilisation de vos &hellip;<\/p>\n<p class=\"read-more\"> <a class=\"\" href=\"https:\/\/alohajoy.fr\/index.php\/politique-de-confidentialite-2\/\"> <span class=\"screen-reader-text\">Politique de confidentialit\u00e9<\/span> Lire la suite\u00a0\u00bb<\/a><\/p>\n","protected":false},"author":1,"featured_media":0,"parent":0,"menu_order":0,"comment_status":"closed","ping_status":"closed","template":"","meta":{"site-sidebar-layout":"no-sidebar","site-content-layout":"page-builder","ast-global-header-display":"","ast-main-header-display":"","ast-hfb-above-header-display":"","ast-hfb-below-header-display":"","ast-hfb-mobile-header-display":"","site-post-title":"disabled","ast-breadcrumbs-content":"","ast-featured-img":"","footer-sml-layout":"","theme-transparent-header-meta":"enabled","adv-header-id-meta":"","stick-header-meta":"","header-above-stick-meta":"","header-main-stick-meta":"","header-below-stick-meta":"","footnotes":""},"class_list":["post-982","page","type-page","status-publish","hentry"],"yoast_head":"<!-- This site is optimized with the Yoast SEO plugin v21.8 - https:\/\/yoast.com\/wordpress\/plugins\/seo\/ -->\n<title>Politique de confidentialit\u00e9 - Aloha Joy<\/title>\n<meta name=\"robots\" content=\"index, follow, max-snippet:-1, max-image-preview:large, max-video-preview:-1\" \/>\n<link rel=\"canonical\" href=\"https:\/\/alohajoy.fr\/index.php\/politique-de-confidentialite-2\/\" \/>\n<meta property=\"og:locale\" content=\"fr_FR\" \/>\n<meta property=\"og:type\" content=\"article\" \/>\n<meta property=\"og:title\" content=\"Politique de confidentialit\u00e9 - Aloha Joy\" \/>\n<meta property=\"og:description\" content=\"Politique de confidentialit\u00e9 La pr\u00e9sente charte (ci-apr\u00e8s \u00ab la Charte \u00bb) pr\u00e9sente les engagements de Alohajoy.fr pour la protection des Donn\u00e9es Personnelles des internautes visitant le pr\u00e9sent site ou la pr\u00e9sente application (ci-apr\u00e8s d\u00e9sign\u00e9 \u00ab le Site \u00bb) et des utilisateurs des Services. Elle vous informe \u00e9galement des proc\u00e9d\u00e9s de collecte et d\u2019utilisation de vos &hellip; Politique de confidentialit\u00e9 Lire la suite\u00a0\u00bb\" \/>\n<meta property=\"og:url\" content=\"https:\/\/alohajoy.fr\/index.php\/politique-de-confidentialite-2\/\" \/>\n<meta property=\"og:site_name\" content=\"Aloha Joy\" \/>\n<meta property=\"article:modified_time\" content=\"2022-06-21T13:24:43+00:00\" \/>\n<meta name=\"twitter:card\" content=\"summary_large_image\" \/>\n<meta name=\"twitter:label1\" content=\"Dur\u00e9e de lecture estim\u00e9e\" \/>\n\t<meta name=\"twitter:data1\" content=\"2 minutes\" \/>\n<script type=\"application\/ld+json\" class=\"yoast-schema-graph\">{\"@context\":\"https:\/\/schema.org\",\"@graph\":[{\"@type\":\"WebPage\",\"@id\":\"https:\/\/alohajoy.fr\/index.php\/politique-de-confidentialite-2\/\",\"url\":\"https:\/\/alohajoy.fr\/index.php\/politique-de-confidentialite-2\/\",\"name\":\"Politique de confidentialit\u00e9 - Aloha Joy\",\"isPartOf\":{\"@id\":\"https:\/\/alohajoy.fr\/#website\"},\"datePublished\":\"2022-05-16T08:52:44+00:00\",\"dateModified\":\"2022-06-21T13:24:43+00:00\",\"breadcrumb\":{\"@id\":\"https:\/\/alohajoy.fr\/index.php\/politique-de-confidentialite-2\/#breadcrumb\"},\"inLanguage\":\"fr-FR\",\"potentialAction\":[{\"@type\":\"ReadAction\",\"target\":[\"https:\/\/alohajoy.fr\/index.php\/politique-de-confidentialite-2\/\"]}]},{\"@type\":\"BreadcrumbList\",\"@id\":\"https:\/\/alohajoy.fr\/index.php\/politique-de-confidentialite-2\/#breadcrumb\",\"itemListElement\":[{\"@type\":\"ListItem\",\"position\":1,\"name\":\"Accueil\",\"item\":\"https:\/\/alohajoy.fr\/\"},{\"@type\":\"ListItem\",\"position\":2,\"name\":\"Politique de confidentialit\u00e9\"}]},{\"@type\":\"WebSite\",\"@id\":\"https:\/\/alohajoy.fr\/#website\",\"url\":\"https:\/\/alohajoy.fr\/\",\"name\":\"Aloha Joy\",\"description\":\"\",\"publisher\":{\"@id\":\"https:\/\/alohajoy.fr\/#organization\"},\"potentialAction\":[{\"@type\":\"SearchAction\",\"target\":{\"@type\":\"EntryPoint\",\"urlTemplate\":\"https:\/\/alohajoy.fr\/?s={search_term_string}\"},\"query-input\":\"required name=search_term_string\"}],\"inLanguage\":\"fr-FR\"},{\"@type\":\"Organization\",\"@id\":\"https:\/\/alohajoy.fr\/#organization\",\"name\":\"Aloha Joy\",\"url\":\"https:\/\/alohajoy.fr\/\",\"logo\":{\"@type\":\"ImageObject\",\"inLanguage\":\"fr-FR\",\"@id\":\"https:\/\/alohajoy.fr\/#\/schema\/logo\/image\/\",\"url\":\"https:\/\/alohajoy.fr\/wp-content\/uploads\/2022\/05\/cropped-AlohaJoy_natifs2-jaune-200x200-1.png\",\"contentUrl\":\"https:\/\/alohajoy.fr\/wp-content\/uploads\/2022\/05\/cropped-AlohaJoy_natifs2-jaune-200x200-1.png\",\"width\":210,\"height\":200,\"caption\":\"Aloha Joy\"},\"image\":{\"@id\":\"https:\/\/alohajoy.fr\/#\/schema\/logo\/image\/\"}}]}<\/script>\n<!-- \/ Yoast SEO plugin. -->","yoast_head_json":{"title":"Politique de confidentialit\u00e9 - Aloha Joy","robots":{"index":"index","follow":"follow","max-snippet":"max-snippet:-1","max-image-preview":"max-image-preview:large","max-video-preview":"max-video-preview:-1"},"canonical":"https:\/\/alohajoy.fr\/index.php\/politique-de-confidentialite-2\/","og_locale":"fr_FR","og_type":"article","og_title":"Politique de confidentialit\u00e9 - Aloha Joy","og_description":"Politique de confidentialit\u00e9 La pr\u00e9sente charte (ci-apr\u00e8s \u00ab la Charte \u00bb) pr\u00e9sente les engagements de Alohajoy.fr pour la protection des Donn\u00e9es Personnelles des internautes visitant le pr\u00e9sent site ou la pr\u00e9sente application (ci-apr\u00e8s d\u00e9sign\u00e9 \u00ab le Site \u00bb) et des utilisateurs des Services. Elle vous informe \u00e9galement des proc\u00e9d\u00e9s de collecte et d\u2019utilisation de vos &hellip; Politique de confidentialit\u00e9 Lire la suite\u00a0\u00bb","og_url":"https:\/\/alohajoy.fr\/index.php\/politique-de-confidentialite-2\/","og_site_name":"Aloha Joy","article_modified_time":"2022-06-21T13:24:43+00:00","twitter_card":"summary_large_image","twitter_misc":{"Dur\u00e9e de lecture estim\u00e9e":"2 minutes"},"schema":{"@context":"https:\/\/schema.org","@graph":[{"@type":"WebPage","@id":"https:\/\/alohajoy.fr\/index.php\/politique-de-confidentialite-2\/","url":"https:\/\/alohajoy.fr\/index.php\/politique-de-confidentialite-2\/","name":"Politique de confidentialit\u00e9 - Aloha Joy","isPartOf":{"@id":"https:\/\/alohajoy.fr\/#website"},"datePublished":"2022-05-16T08:52:44+00:00","dateModified":"2022-06-21T13:24:43+00:00","breadcrumb":{"@id":"https:\/\/alohajoy.fr\/index.php\/politique-de-confidentialite-2\/#breadcrumb"},"inLanguage":"fr-FR","potentialAction":[{"@type":"ReadAction","target":["https:\/\/alohajoy.fr\/index.php\/politique-de-confidentialite-2\/"]}]},{"@type":"BreadcrumbList","@id":"https:\/\/alohajoy.fr\/index.php\/politique-de-confidentialite-2\/#breadcrumb","itemListElement":[{"@type":"ListItem","position":1,"name":"Accueil","item":"https:\/\/alohajoy.fr\/"},{"@type":"ListItem","position":2,"name":"Politique de confidentialit\u00e9"}]},{"@type":"WebSite","@id":"https:\/\/alohajoy.fr\/#website","url":"https:\/\/alohajoy.fr\/","name":"Aloha Joy","description":"","publisher":{"@id":"https:\/\/alohajoy.fr\/#organization"},"potentialAction":[{"@type":"SearchAction","target":{"@type":"EntryPoint","urlTemplate":"https:\/\/alohajoy.fr\/?s={search_term_string}"},"query-input":"required name=search_term_string"}],"inLanguage":"fr-FR"},{"@type":"Organization","@id":"https:\/\/alohajoy.fr\/#organization","name":"Aloha Joy","url":"https:\/\/alohajoy.fr\/","logo":{"@type":"ImageObject","inLanguage":"fr-FR","@id":"https:\/\/alohajoy.fr\/#\/schema\/logo\/image\/","url":"https:\/\/alohajoy.fr\/wp-content\/uploads\/2022\/05\/cropped-AlohaJoy_natifs2-jaune-200x200-1.png","contentUrl":"https:\/\/alohajoy.fr\/wp-content\/uploads\/2022\/05\/cropped-AlohaJoy_natifs2-jaune-200x200-1.png","width":210,"height":200,"caption":"Aloha Joy"},"image":{"@id":"https:\/\/alohajoy.fr\/#\/schema\/logo\/image\/"}}]}},"_links":{"self":[{"href":"https:\/\/alohajoy.fr\/index.php\/wp-json\/wp\/v2\/pages\/982","targetHints":{"allow":["GET"]}}],"collection":[{"href":"https:\/\/alohajoy.fr\/index.php\/wp-json\/wp\/v2\/pages"}],"about":[{"href":"https:\/\/alohajoy.fr\/index.php\/wp-json\/wp\/v2\/types\/page"}],"author":[{"embeddable":true,"href":"https:\/\/alohajoy.fr\/index.php\/wp-json\/wp\/v2\/users\/1"}],"replies":[{"embeddable":true,"href":"https:\/\/alohajoy.fr\/index.php\/wp-json\/wp\/v2\/comments?post=982"}],"version-history":[{"count":23,"href":"https:\/\/alohajoy.fr\/index.php\/wp-json\/wp\/v2\/pages\/982\/revisions"}],"predecessor-version":[{"id":1541,"href":"https:\/\/alohajoy.fr\/index.php\/wp-json\/wp\/v2\/pages\/982\/revisions\/1541"}],"wp:attachment":[{"href":"https:\/\/alohajoy.fr\/index.php\/wp-json\/wp\/v2\/media?parent=982"}],"curies":[{"name":"wp","href":"https:\/\/api.w.org\/{rel}","templated":true}]}}