{"id":592,"date":"2020-04-13T11:18:50","date_gmt":"2020-04-13T09:18:50","guid":{"rendered":"http:\/\/alohajoy.fr\/index.php\/services\/"},"modified":"2022-07-13T18:15:04","modified_gmt":"2022-07-13T16:15:04","slug":"services","status":"publish","type":"page","link":"https:\/\/alohajoy.fr\/index.php\/services\/","title":{"rendered":"Professionnels"},"content":{"rendered":"\t\t<div data-elementor-type=\"wp-page\" data-elementor-id=\"592\" class=\"elementor elementor-592\">\n\t\t\t\t\t\t\t\t\t<section class=\"elementor-section elementor-top-section elementor-element elementor-element-1b0a5d33 elementor-section-boxed elementor-section-height-default elementor-section-height-default\" data-id=\"1b0a5d33\" data-element_type=\"section\" data-settings=\"{&quot;background_background&quot;:&quot;classic&quot;}\">\n\t\t\t\t\t\t\t<div class=\"elementor-background-overlay\"><\/div>\n\t\t\t\t\t\t\t<div class=\"elementor-container elementor-column-gap-default\">\n\t\t\t\t\t<div class=\"elementor-column elementor-col-100 elementor-top-column elementor-element elementor-element-1f841ba\" data-id=\"1f841ba\" data-element_type=\"column\">\n\t\t\t<div class=\"elementor-widget-wrap elementor-element-populated\">\n\t\t\t\t\t\t\t\t<div class=\"elementor-element elementor-element-365ba0bd elementor-widget elementor-widget-heading\" data-id=\"365ba0bd\" data-element_type=\"widget\" data-widget_type=\"heading.default\">\n\t\t\t\t<div class=\"elementor-widget-container\">\n\t\t\t<style>\/*! elementor - v3.18.0 - 20-12-2023 *\/\n.elementor-heading-title{padding:0;margin:0;line-height:1}.elementor-widget-heading .elementor-heading-title[class*=elementor-size-]>a{color:inherit;font-size:inherit;line-height:inherit}.elementor-widget-heading .elementor-heading-title.elementor-size-small{font-size:15px}.elementor-widget-heading .elementor-heading-title.elementor-size-medium{font-size:19px}.elementor-widget-heading .elementor-heading-title.elementor-size-large{font-size:29px}.elementor-widget-heading .elementor-heading-title.elementor-size-xl{font-size:39px}.elementor-widget-heading .elementor-heading-title.elementor-size-xxl{font-size:59px}<\/style><h1 class=\"elementor-heading-title elementor-size-default\">Professionnels<\/h1>\t\t<\/div>\n\t\t\t\t<\/div>\n\t\t\t\t\t<\/div>\n\t\t<\/div>\n\t\t\t\t\t\t\t<\/div>\n\t\t<\/section>\n\t\t\t\t<section class=\"elementor-section elementor-top-section elementor-element elementor-element-4d2c9e9 elementor-reverse-mobile elementor-section-boxed elementor-section-height-default elementor-section-height-default\" data-id=\"4d2c9e9\" data-element_type=\"section\">\n\t\t\t\t\t\t<div class=\"elementor-container elementor-column-gap-no\">\n\t\t\t\t\t<div class=\"elementor-column elementor-col-50 elementor-top-column elementor-element elementor-element-1148300\" data-id=\"1148300\" data-element_type=\"column\">\n\t\t\t<div class=\"elementor-widget-wrap elementor-element-populated\">\n\t\t\t\t\t\t\t\t<div class=\"elementor-element elementor-element-f142ca0 elementor-widget elementor-widget-image-box\" data-id=\"f142ca0\" data-element_type=\"widget\" data-widget_type=\"image-box.default\">\n\t\t\t\t<div class=\"elementor-widget-container\">\n\t\t\t<style>\/*! elementor - v3.18.0 - 20-12-2023 *\/\n.elementor-widget-image-box .elementor-image-box-content{width:100%}@media (min-width:768px){.elementor-widget-image-box.elementor-position-left .elementor-image-box-wrapper,.elementor-widget-image-box.elementor-position-right .elementor-image-box-wrapper{display:flex}.elementor-widget-image-box.elementor-position-right .elementor-image-box-wrapper{text-align:right;flex-direction:row-reverse}.elementor-widget-image-box.elementor-position-left .elementor-image-box-wrapper{text-align:left;flex-direction:row}.elementor-widget-image-box.elementor-position-top .elementor-image-box-img{margin:auto}.elementor-widget-image-box.elementor-vertical-align-top .elementor-image-box-wrapper{align-items:flex-start}.elementor-widget-image-box.elementor-vertical-align-middle .elementor-image-box-wrapper{align-items:center}.elementor-widget-image-box.elementor-vertical-align-bottom .elementor-image-box-wrapper{align-items:flex-end}}@media (max-width:767px){.elementor-widget-image-box .elementor-image-box-img{margin-left:auto!important;margin-right:auto!important;margin-bottom:15px}}.elementor-widget-image-box .elementor-image-box-img{display:inline-block}.elementor-widget-image-box .elementor-image-box-title a{color:inherit}.elementor-widget-image-box .elementor-image-box-wrapper{text-align:center}.elementor-widget-image-box .elementor-image-box-description{margin:0}<\/style><div class=\"elementor-image-box-wrapper\"><div class=\"elementor-image-box-content\"><h2 class=\"elementor-image-box-title\">Artisanat<\/h2><p class=\"elementor-image-box-description\">C'est avec joie que j'immortaliserai votre univers avec naturel et authenticit\u00e9, pour cr\u00e9er des images qui vous ressemblent.<\/p><\/div><\/div>\t\t<\/div>\n\t\t\t\t<\/div>\n\t\t\t\t<div class=\"elementor-element elementor-element-7334a220 elementor-widget elementor-widget-button\" data-id=\"7334a220\" data-element_type=\"widget\" data-widget_type=\"button.default\">\n\t\t\t\t<div class=\"elementor-widget-container\">\n\t\t\t\t\t<div class=\"elementor-button-wrapper\">\n\t\t\t<a class=\"elementor-button elementor-button-link elementor-size-sm\" href=\"#\">\n\t\t\t\t\t\t<span class=\"elementor-button-content-wrapper\">\n\t\t\t\t\t\t<span class=\"elementor-button-text\">Contact<\/span>\n\t\t<\/span>\n\t\t\t\t\t<\/a>\n\t\t<\/div>\n\t\t\t\t<\/div>\n\t\t\t\t<\/div>\n\t\t\t\t\t<\/div>\n\t\t<\/div>\n\t\t\t\t<div class=\"elementor-column elementor-col-50 elementor-top-column elementor-element elementor-element-7285665\" data-id=\"7285665\" data-element_type=\"column\">\n\t\t\t<div class=\"elementor-widget-wrap elementor-element-populated\">\n\t\t\t\t\t\t\t\t<div class=\"elementor-element elementor-element-508aa5f0 elementor-widget elementor-widget-image\" data-id=\"508aa5f0\" data-element_type=\"widget\" data-widget_type=\"image.default\">\n\t\t\t\t<div class=\"elementor-widget-container\">\n\t\t\t<style>\/*! elementor - v3.18.0 - 20-12-2023 *\/\n.elementor-widget-image{text-align:center}.elementor-widget-image a{display:inline-block}.elementor-widget-image a img[src$=\".svg\"]{width:48px}.elementor-widget-image img{vertical-align:middle;display:inline-block}<\/style>\t\t\t\t\t\t\t\t\t\t\t\t<img fetchpriority=\"high\" decoding=\"async\" width=\"1024\" height=\"682\" src=\"https:\/\/alohajoy.fr\/wp-content\/uploads\/2022\/07\/Diane-Horticulturepapier-AudreyPapadopoulos-18-1024x682.jpg\" class=\"attachment-large size-large wp-image-1655\" alt=\"Artisanat-photo-atelier\" srcset=\"https:\/\/alohajoy.fr\/wp-content\/uploads\/2022\/07\/Diane-Horticulturepapier-AudreyPapadopoulos-18-1024x682.jpg 1024w, https:\/\/alohajoy.fr\/wp-content\/uploads\/2022\/07\/Diane-Horticulturepapier-AudreyPapadopoulos-18-300x200.jpg 300w, https:\/\/alohajoy.fr\/wp-content\/uploads\/2022\/07\/Diane-Horticulturepapier-AudreyPapadopoulos-18-768x512.jpg 768w, https:\/\/alohajoy.fr\/wp-content\/uploads\/2022\/07\/Diane-Horticulturepapier-AudreyPapadopoulos-18-600x400.jpg 600w, https:\/\/alohajoy.fr\/wp-content\/uploads\/2022\/07\/Diane-Horticulturepapier-AudreyPapadopoulos-18.jpg 1250w\" sizes=\"(max-width: 1024px) 100vw, 1024px\" \/>\t\t\t\t\t\t\t\t\t\t\t\t\t\t\t<\/div>\n\t\t\t\t<\/div>\n\t\t\t\t\t<\/div>\n\t\t<\/div>\n\t\t\t\t\t\t\t<\/div>\n\t\t<\/section>\n\t\t\t\t<section class=\"elementor-section elementor-top-section elementor-element elementor-element-9e09982 elementor-section-boxed elementor-section-height-default elementor-section-height-default\" data-id=\"9e09982\" data-element_type=\"section\">\n\t\t\t\t\t\t<div class=\"elementor-container elementor-column-gap-no\">\n\t\t\t\t\t<div class=\"elementor-column elementor-col-50 elementor-top-column elementor-element elementor-element-4b9de95\" data-id=\"4b9de95\" data-element_type=\"column\">\n\t\t\t<div class=\"elementor-widget-wrap elementor-element-populated\">\n\t\t\t\t\t\t\t\t<div class=\"elementor-element elementor-element-1fab74e0 elementor-widget elementor-widget-image\" data-id=\"1fab74e0\" data-element_type=\"widget\" data-widget_type=\"image.default\">\n\t\t\t\t<div class=\"elementor-widget-container\">\n\t\t\t\t\t\t\t\t\t\t\t\t\t\t\t<img decoding=\"async\" width=\"1024\" height=\"684\" src=\"https:\/\/alohajoy.fr\/wp-content\/uploads\/2022\/07\/AUD_6673-exte\u0301rieur-nuit-1024x684.jpg\" class=\"attachment-large size-large wp-image-1651\" alt=\"Photographe-Immobilier\" srcset=\"https:\/\/alohajoy.fr\/wp-content\/uploads\/2022\/07\/AUD_6673-exte\u0301rieur-nuit-1024x684.jpg 1024w, https:\/\/alohajoy.fr\/wp-content\/uploads\/2022\/07\/AUD_6673-exte\u0301rieur-nuit-300x200.jpg 300w, https:\/\/alohajoy.fr\/wp-content\/uploads\/2022\/07\/AUD_6673-exte\u0301rieur-nuit-768x513.jpg 768w, https:\/\/alohajoy.fr\/wp-content\/uploads\/2022\/07\/AUD_6673-exte\u0301rieur-nuit-600x401.jpg 600w, https:\/\/alohajoy.fr\/wp-content\/uploads\/2022\/07\/AUD_6673-exte\u0301rieur-nuit.jpg 1327w\" sizes=\"(max-width: 1024px) 100vw, 1024px\" \/>\t\t\t\t\t\t\t\t\t\t\t\t\t\t\t<\/div>\n\t\t\t\t<\/div>\n\t\t\t\t\t<\/div>\n\t\t<\/div>\n\t\t\t\t<div class=\"elementor-column elementor-col-50 elementor-top-column elementor-element elementor-element-ddc17dc\" data-id=\"ddc17dc\" data-element_type=\"column\">\n\t\t\t<div class=\"elementor-widget-wrap elementor-element-populated\">\n\t\t\t\t\t\t\t\t<div class=\"elementor-element elementor-element-5fd89a9 elementor-widget elementor-widget-image-box\" data-id=\"5fd89a9\" data-element_type=\"widget\" data-widget_type=\"image-box.default\">\n\t\t\t\t<div class=\"elementor-widget-container\">\n\t\t\t<div class=\"elementor-image-box-wrapper\"><div class=\"elementor-image-box-content\"><h2 class=\"elementor-image-box-title\">Immobilier<\/h2><p class=\"elementor-image-box-description\">Il me tient \u00e0 coeur de mettre en valeur votre bien immobilier, \u00e0 destination de la location ou bien de la vente. <\/p><\/div><\/div>\t\t<\/div>\n\t\t\t\t<\/div>\n\t\t\t\t<div class=\"elementor-element elementor-element-d6d9527 elementor-widget elementor-widget-button\" data-id=\"d6d9527\" data-element_type=\"widget\" data-widget_type=\"button.default\">\n\t\t\t\t<div class=\"elementor-widget-container\">\n\t\t\t\t\t<div class=\"elementor-button-wrapper\">\n\t\t\t<a class=\"elementor-button elementor-button-link elementor-size-sm\" href=\"#\">\n\t\t\t\t\t\t<span class=\"elementor-button-content-wrapper\">\n\t\t\t\t\t\t<span class=\"elementor-button-text\">Contact<\/span>\n\t\t<\/span>\n\t\t\t\t\t<\/a>\n\t\t<\/div>\n\t\t\t\t<\/div>\n\t\t\t\t<\/div>\n\t\t\t\t\t<\/div>\n\t\t<\/div>\n\t\t\t\t\t\t\t<\/div>\n\t\t<\/section>\n\t\t\t\t\t\t\t<\/div>\n\t\t","protected":false},"excerpt":{"rendered":"<p>Professionnels Artisanat C&rsquo;est avec joie que j&rsquo;immortaliserai votre univers avec naturel et authenticit\u00e9, pour cr\u00e9er des images qui vous ressemblent. Contact Immobilier Il me tient \u00e0 coeur de mettre en valeur votre bien immobilier, \u00e0 destination de la location ou bien de la vente. Contact<\/p>\n","protected":false},"author":1,"featured_media":0,"parent":0,"menu_order":0,"comment_status":"closed","ping_status":"closed","template":"","meta":{"site-sidebar-layout":"no-sidebar","site-content-layout":"page-builder","ast-global-header-display":"","ast-main-header-display":"","ast-hfb-above-header-display":"","ast-hfb-below-header-display":"","ast-hfb-mobile-header-display":"","site-post-title":"disabled","ast-breadcrumbs-content":"","ast-featured-img":"","footer-sml-layout":"","theme-transparent-header-meta":"enabled","adv-header-id-meta":"","stick-header-meta":"","header-above-stick-meta":"","header-main-stick-meta":"","header-below-stick-meta":"","footnotes":""},"class_list":["post-592","page","type-page","status-publish","hentry"],"yoast_head":"<!-- This site is optimized with the Yoast SEO plugin v21.8 - https:\/\/yoast.com\/wordpress\/plugins\/seo\/ -->\n<title>Professionnels - Aloha Joy<\/title>\n<meta name=\"robots\" content=\"index, follow, max-snippet:-1, max-image-preview:large, max-video-preview:-1\" \/>\n<link rel=\"canonical\" href=\"https:\/\/alohajoy.fr\/index.php\/services\/\" \/>\n<meta property=\"og:locale\" content=\"fr_FR\" \/>\n<meta property=\"og:type\" content=\"article\" \/>\n<meta property=\"og:title\" content=\"Professionnels - Aloha Joy\" \/>\n<meta property=\"og:description\" content=\"Professionnels Artisanat C&rsquo;est avec joie que j&rsquo;immortaliserai votre univers avec naturel et authenticit\u00e9, pour cr\u00e9er des images qui vous ressemblent. Contact Immobilier Il me tient \u00e0 coeur de mettre en valeur votre bien immobilier, \u00e0 destination de la location ou bien de la vente. Contact\" \/>\n<meta property=\"og:url\" content=\"https:\/\/alohajoy.fr\/index.php\/services\/\" \/>\n<meta property=\"og:site_name\" content=\"Aloha Joy\" \/>\n<meta property=\"article:modified_time\" content=\"2022-07-13T16:15:04+00:00\" \/>\n<meta property=\"og:image\" content=\"https:\/\/alohajoy.fr\/wp-content\/uploads\/2022\/07\/Diane-Horticulturepapier-AudreyPapadopoulos-18-1024x682.jpg\" \/>\n<meta name=\"twitter:card\" content=\"summary_large_image\" \/>\n<meta name=\"twitter:label1\" content=\"Dur\u00e9e de lecture estim\u00e9e\" \/>\n\t<meta name=\"twitter:data1\" content=\"1 minute\" \/>\n<script type=\"application\/ld+json\" class=\"yoast-schema-graph\">{\"@context\":\"https:\/\/schema.org\",\"@graph\":[{\"@type\":\"WebPage\",\"@id\":\"https:\/\/alohajoy.fr\/index.php\/services\/\",\"url\":\"https:\/\/alohajoy.fr\/index.php\/services\/\",\"name\":\"Professionnels - Aloha Joy\",\"isPartOf\":{\"@id\":\"https:\/\/alohajoy.fr\/#website\"},\"datePublished\":\"2020-04-13T09:18:50+00:00\",\"dateModified\":\"2022-07-13T16:15:04+00:00\",\"breadcrumb\":{\"@id\":\"https:\/\/alohajoy.fr\/index.php\/services\/#breadcrumb\"},\"inLanguage\":\"fr-FR\",\"potentialAction\":[{\"@type\":\"ReadAction\",\"target\":[\"https:\/\/alohajoy.fr\/index.php\/services\/\"]}]},{\"@type\":\"BreadcrumbList\",\"@id\":\"https:\/\/alohajoy.fr\/index.php\/services\/#breadcrumb\",\"itemListElement\":[{\"@type\":\"ListItem\",\"position\":1,\"name\":\"Accueil\",\"item\":\"https:\/\/alohajoy.fr\/\"},{\"@type\":\"ListItem\",\"position\":2,\"name\":\"Professionnels\"}]},{\"@type\":\"WebSite\",\"@id\":\"https:\/\/alohajoy.fr\/#website\",\"url\":\"https:\/\/alohajoy.fr\/\",\"name\":\"Aloha Joy\",\"description\":\"\",\"publisher\":{\"@id\":\"https:\/\/alohajoy.fr\/#organization\"},\"potentialAction\":[{\"@type\":\"SearchAction\",\"target\":{\"@type\":\"EntryPoint\",\"urlTemplate\":\"https:\/\/alohajoy.fr\/?s={search_term_string}\"},\"query-input\":\"required name=search_term_string\"}],\"inLanguage\":\"fr-FR\"},{\"@type\":\"Organization\",\"@id\":\"https:\/\/alohajoy.fr\/#organization\",\"name\":\"Aloha Joy\",\"url\":\"https:\/\/alohajoy.fr\/\",\"logo\":{\"@type\":\"ImageObject\",\"inLanguage\":\"fr-FR\",\"@id\":\"https:\/\/alohajoy.fr\/#\/schema\/logo\/image\/\",\"url\":\"https:\/\/alohajoy.fr\/wp-content\/uploads\/2022\/05\/cropped-AlohaJoy_natifs2-jaune-200x200-1.png\",\"contentUrl\":\"https:\/\/alohajoy.fr\/wp-content\/uploads\/2022\/05\/cropped-AlohaJoy_natifs2-jaune-200x200-1.png\",\"width\":210,\"height\":200,\"caption\":\"Aloha Joy\"},\"image\":{\"@id\":\"https:\/\/alohajoy.fr\/#\/schema\/logo\/image\/\"}}]}<\/script>\n<!-- \/ Yoast SEO plugin. -->","yoast_head_json":{"title":"Professionnels - Aloha Joy","robots":{"index":"index","follow":"follow","max-snippet":"max-snippet:-1","max-image-preview":"max-image-preview:large","max-video-preview":"max-video-preview:-1"},"canonical":"https:\/\/alohajoy.fr\/index.php\/services\/","og_locale":"fr_FR","og_type":"article","og_title":"Professionnels - Aloha Joy","og_description":"Professionnels Artisanat C&rsquo;est avec joie que j&rsquo;immortaliserai votre univers avec naturel et authenticit\u00e9, pour cr\u00e9er des images qui vous ressemblent. Contact Immobilier Il me tient \u00e0 coeur de mettre en valeur votre bien immobilier, \u00e0 destination de la location ou bien de la vente. Contact","og_url":"https:\/\/alohajoy.fr\/index.php\/services\/","og_site_name":"Aloha Joy","article_modified_time":"2022-07-13T16:15:04+00:00","og_image":[{"url":"https:\/\/alohajoy.fr\/wp-content\/uploads\/2022\/07\/Diane-Horticulturepapier-AudreyPapadopoulos-18-1024x682.jpg"}],"twitter_card":"summary_large_image","twitter_misc":{"Dur\u00e9e de lecture estim\u00e9e":"1 minute"},"schema":{"@context":"https:\/\/schema.org","@graph":[{"@type":"WebPage","@id":"https:\/\/alohajoy.fr\/index.php\/services\/","url":"https:\/\/alohajoy.fr\/index.php\/services\/","name":"Professionnels - Aloha Joy","isPartOf":{"@id":"https:\/\/alohajoy.fr\/#website"},"datePublished":"2020-04-13T09:18:50+00:00","dateModified":"2022-07-13T16:15:04+00:00","breadcrumb":{"@id":"https:\/\/alohajoy.fr\/index.php\/services\/#breadcrumb"},"inLanguage":"fr-FR","potentialAction":[{"@type":"ReadAction","target":["https:\/\/alohajoy.fr\/index.php\/services\/"]}]},{"@type":"BreadcrumbList","@id":"https:\/\/alohajoy.fr\/index.php\/services\/#breadcrumb","itemListElement":[{"@type":"ListItem","position":1,"name":"Accueil","item":"https:\/\/alohajoy.fr\/"},{"@type":"ListItem","position":2,"name":"Professionnels"}]},{"@type":"WebSite","@id":"https:\/\/alohajoy.fr\/#website","url":"https:\/\/alohajoy.fr\/","name":"Aloha Joy","description":"","publisher":{"@id":"https:\/\/alohajoy.fr\/#organization"},"potentialAction":[{"@type":"SearchAction","target":{"@type":"EntryPoint","urlTemplate":"https:\/\/alohajoy.fr\/?s={search_term_string}"},"query-input":"required name=search_term_string"}],"inLanguage":"fr-FR"},{"@type":"Organization","@id":"https:\/\/alohajoy.fr\/#organization","name":"Aloha Joy","url":"https:\/\/alohajoy.fr\/","logo":{"@type":"ImageObject","inLanguage":"fr-FR","@id":"https:\/\/alohajoy.fr\/#\/schema\/logo\/image\/","url":"https:\/\/alohajoy.fr\/wp-content\/uploads\/2022\/05\/cropped-AlohaJoy_natifs2-jaune-200x200-1.png","contentUrl":"https:\/\/alohajoy.fr\/wp-content\/uploads\/2022\/05\/cropped-AlohaJoy_natifs2-jaune-200x200-1.png","width":210,"height":200,"caption":"Aloha Joy"},"image":{"@id":"https:\/\/alohajoy.fr\/#\/schema\/logo\/image\/"}}]}},"_links":{"self":[{"href":"https:\/\/alohajoy.fr\/index.php\/wp-json\/wp\/v2\/pages\/592","targetHints":{"allow":["GET"]}}],"collection":[{"href":"https:\/\/alohajoy.fr\/index.php\/wp-json\/wp\/v2\/pages"}],"about":[{"href":"https:\/\/alohajoy.fr\/index.php\/wp-json\/wp\/v2\/types\/page"}],"author":[{"embeddable":true,"href":"https:\/\/alohajoy.fr\/index.php\/wp-json\/wp\/v2\/users\/1"}],"replies":[{"embeddable":true,"href":"https:\/\/alohajoy.fr\/index.php\/wp-json\/wp\/v2\/comments?post=592"}],"version-history":[{"count":41,"href":"https:\/\/alohajoy.fr\/index.php\/wp-json\/wp\/v2\/pages\/592\/revisions"}],"predecessor-version":[{"id":1663,"href":"https:\/\/alohajoy.fr\/index.php\/wp-json\/wp\/v2\/pages\/592\/revisions\/1663"}],"wp:attachment":[{"href":"https:\/\/alohajoy.fr\/index.php\/wp-json\/wp\/v2\/media?parent=592"}],"curies":[{"name":"wp","href":"https:\/\/api.w.org\/{rel}","templated":true}]}}