{"id":1612,"date":"2022-07-13T16:24:32","date_gmt":"2022-07-13T14:24:32","guid":{"rendered":"https:\/\/alohajoy.fr\/?page_id=1612"},"modified":"2022-07-13T17:45:21","modified_gmt":"2022-07-13T15:45:21","slug":"estime-de-soi","status":"publish","type":"page","link":"https:\/\/alohajoy.fr\/index.php\/estime-de-soi\/","title":{"rendered":"Estime de soi"},"content":{"rendered":"\t\t<div data-elementor-type=\"wp-page\" data-elementor-id=\"1612\" class=\"elementor elementor-1612\">\n\t\t\t\t\t\t\t\t\t<section class=\"elementor-section elementor-top-section elementor-element elementor-element-1b0a5d33 elementor-section-boxed elementor-section-height-default elementor-section-height-default\" data-id=\"1b0a5d33\" data-element_type=\"section\" data-settings=\"{&quot;background_background&quot;:&quot;classic&quot;}\">\n\t\t\t\t\t\t\t<div class=\"elementor-background-overlay\"><\/div>\n\t\t\t\t\t\t\t<div class=\"elementor-container elementor-column-gap-default\">\n\t\t\t\t\t<div class=\"elementor-column elementor-col-100 elementor-top-column elementor-element elementor-element-1f841ba\" data-id=\"1f841ba\" data-element_type=\"column\">\n\t\t\t<div class=\"elementor-widget-wrap elementor-element-populated\">\n\t\t\t\t\t\t\t\t<div class=\"elementor-element elementor-element-365ba0bd elementor-widget elementor-widget-heading\" data-id=\"365ba0bd\" data-element_type=\"widget\" data-widget_type=\"heading.default\">\n\t\t\t\t<div class=\"elementor-widget-container\">\n\t\t\t<style>\/*! elementor - v3.18.0 - 20-12-2023 *\/\n.elementor-heading-title{padding:0;margin:0;line-height:1}.elementor-widget-heading .elementor-heading-title[class*=elementor-size-]>a{color:inherit;font-size:inherit;line-height:inherit}.elementor-widget-heading .elementor-heading-title.elementor-size-small{font-size:15px}.elementor-widget-heading .elementor-heading-title.elementor-size-medium{font-size:19px}.elementor-widget-heading .elementor-heading-title.elementor-size-large{font-size:29px}.elementor-widget-heading .elementor-heading-title.elementor-size-xl{font-size:39px}.elementor-widget-heading .elementor-heading-title.elementor-size-xxl{font-size:59px}<\/style><h1 class=\"elementor-heading-title elementor-size-default\">Estime de soi<\/h1>\t\t<\/div>\n\t\t\t\t<\/div>\n\t\t\t\t\t<\/div>\n\t\t<\/div>\n\t\t\t\t\t\t\t<\/div>\n\t\t<\/section>\n\t\t\t\t<section class=\"elementor-section elementor-top-section elementor-element elementor-element-4d2c9e9 elementor-reverse-mobile elementor-section-boxed elementor-section-height-default elementor-section-height-default\" data-id=\"4d2c9e9\" data-element_type=\"section\">\n\t\t\t\t\t\t<div class=\"elementor-container elementor-column-gap-no\">\n\t\t\t\t\t<div class=\"elementor-column elementor-col-50 elementor-top-column elementor-element elementor-element-1148300\" data-id=\"1148300\" data-element_type=\"column\">\n\t\t\t<div class=\"elementor-widget-wrap elementor-element-populated\">\n\t\t\t\t\t\t\t\t<div class=\"elementor-element elementor-element-f142ca0 elementor-widget elementor-widget-image-box\" data-id=\"f142ca0\" data-element_type=\"widget\" data-widget_type=\"image-box.default\">\n\t\t\t\t<div class=\"elementor-widget-container\">\n\t\t\t<style>\/*! elementor - v3.18.0 - 20-12-2023 *\/\n.elementor-widget-image-box .elementor-image-box-content{width:100%}@media (min-width:768px){.elementor-widget-image-box.elementor-position-left .elementor-image-box-wrapper,.elementor-widget-image-box.elementor-position-right .elementor-image-box-wrapper{display:flex}.elementor-widget-image-box.elementor-position-right .elementor-image-box-wrapper{text-align:right;flex-direction:row-reverse}.elementor-widget-image-box.elementor-position-left .elementor-image-box-wrapper{text-align:left;flex-direction:row}.elementor-widget-image-box.elementor-position-top .elementor-image-box-img{margin:auto}.elementor-widget-image-box.elementor-vertical-align-top .elementor-image-box-wrapper{align-items:flex-start}.elementor-widget-image-box.elementor-vertical-align-middle .elementor-image-box-wrapper{align-items:center}.elementor-widget-image-box.elementor-vertical-align-bottom .elementor-image-box-wrapper{align-items:flex-end}}@media (max-width:767px){.elementor-widget-image-box .elementor-image-box-img{margin-left:auto!important;margin-right:auto!important;margin-bottom:15px}}.elementor-widget-image-box .elementor-image-box-img{display:inline-block}.elementor-widget-image-box .elementor-image-box-title a{color:inherit}.elementor-widget-image-box .elementor-image-box-wrapper{text-align:center}.elementor-widget-image-box .elementor-image-box-description{margin:0}<\/style><div class=\"elementor-image-box-wrapper\"><div class=\"elementor-image-box-content\"><h3 class=\"elementor-image-box-title\">Estime de soi<\/h3><p class=\"elementor-image-box-description\">Je souhaite aider les femmes \u00e0 se trouver belles. Nous avons toutes peur de l'objectif, car nous avons du mal \u00e0 l\u00e2cher prise. \n\nUne fois que je vous ai aid\u00e9 \u00e0 oublier l'appareil photo, dans une atmosph\u00e8re bienveillante et \u00e0 votre \u00e9coute, je capture votre authenticit\u00e9 et votre naturel.<br><br>Je suis l\u00e0 pour vous faire vivre une exp\u00e9rience agr\u00e9able. C'est vous qui choisissez vos photos. <br><\/p><\/div><\/div>\t\t<\/div>\n\t\t\t\t<\/div>\n\t\t\t\t<div class=\"elementor-element elementor-element-7334a220 elementor-widget elementor-widget-button\" data-id=\"7334a220\" data-element_type=\"widget\" data-widget_type=\"button.default\">\n\t\t\t\t<div class=\"elementor-widget-container\">\n\t\t\t\t\t<div class=\"elementor-button-wrapper\">\n\t\t\t<a class=\"elementor-button elementor-button-link elementor-size-sm\" href=\"#\">\n\t\t\t\t\t\t<span class=\"elementor-button-content-wrapper\">\n\t\t\t\t\t\t<span class=\"elementor-button-text\">Contact<\/span>\n\t\t<\/span>\n\t\t\t\t\t<\/a>\n\t\t<\/div>\n\t\t\t\t<\/div>\n\t\t\t\t<\/div>\n\t\t\t\t\t<\/div>\n\t\t<\/div>\n\t\t\t\t<div class=\"elementor-column elementor-col-50 elementor-top-column elementor-element elementor-element-7285665\" data-id=\"7285665\" data-element_type=\"column\">\n\t\t\t<div class=\"elementor-widget-wrap elementor-element-populated\">\n\t\t\t\t\t\t\t\t<div class=\"elementor-element elementor-element-508aa5f0 elementor-widget elementor-widget-image\" data-id=\"508aa5f0\" data-element_type=\"widget\" data-widget_type=\"image.default\">\n\t\t\t\t<div class=\"elementor-widget-container\">\n\t\t\t<style>\/*! elementor - v3.18.0 - 20-12-2023 *\/\n.elementor-widget-image{text-align:center}.elementor-widget-image a{display:inline-block}.elementor-widget-image a img[src$=\".svg\"]{width:48px}.elementor-widget-image img{vertical-align:middle;display:inline-block}<\/style>\t\t\t\t\t\t\t\t\t\t\t\t<img fetchpriority=\"high\" decoding=\"async\" width=\"683\" height=\"1024\" src=\"https:\/\/alohajoy.fr\/wp-content\/uploads\/2022\/07\/WEB-Aloha-Joy-Photographe-DSC05851-1-683x1024.jpg\" class=\"attachment-large size-large wp-image-1632\" alt=\"Estimedesoi-SaintR\u00e9mydeProvence\" srcset=\"https:\/\/alohajoy.fr\/wp-content\/uploads\/2022\/07\/WEB-Aloha-Joy-Photographe-DSC05851-1-683x1024.jpg 683w, https:\/\/alohajoy.fr\/wp-content\/uploads\/2022\/07\/WEB-Aloha-Joy-Photographe-DSC05851-1-200x300.jpg 200w, https:\/\/alohajoy.fr\/wp-content\/uploads\/2022\/07\/WEB-Aloha-Joy-Photographe-DSC05851-1-768x1152.jpg 768w, https:\/\/alohajoy.fr\/wp-content\/uploads\/2022\/07\/WEB-Aloha-Joy-Photographe-DSC05851-1-600x900.jpg 600w, https:\/\/alohajoy.fr\/wp-content\/uploads\/2022\/07\/WEB-Aloha-Joy-Photographe-DSC05851-1.jpg 800w\" sizes=\"(max-width: 683px) 100vw, 683px\" \/>\t\t\t\t\t\t\t\t\t\t\t\t\t\t\t<\/div>\n\t\t\t\t<\/div>\n\t\t\t\t\t<\/div>\n\t\t<\/div>\n\t\t\t\t\t\t\t<\/div>\n\t\t<\/section>\n\t\t\t\t<section class=\"elementor-section elementor-top-section elementor-element elementor-element-e4a8253 elementor-section-boxed elementor-section-height-default elementor-section-height-default\" data-id=\"e4a8253\" data-element_type=\"section\">\n\t\t\t\t\t\t<div class=\"elementor-container elementor-column-gap-default\">\n\t\t\t\t\t<div class=\"elementor-column elementor-col-100 elementor-top-column elementor-element elementor-element-3138a25\" data-id=\"3138a25\" data-element_type=\"column\">\n\t\t\t<div class=\"elementor-widget-wrap\">\n\t\t\t\t\t\t\t\t\t<\/div>\n\t\t<\/div>\n\t\t\t\t\t\t\t<\/div>\n\t\t<\/section>\n\t\t\t\t<section class=\"elementor-section elementor-top-section elementor-element elementor-element-f0ffb24 elementor-section-boxed elementor-section-height-default elementor-section-height-default\" data-id=\"f0ffb24\" data-element_type=\"section\">\n\t\t\t\t\t\t<div class=\"elementor-container elementor-column-gap-default\">\n\t\t\t\t\t<div class=\"elementor-column elementor-col-100 elementor-top-column elementor-element elementor-element-462b690\" data-id=\"462b690\" data-element_type=\"column\">\n\t\t\t<div class=\"elementor-widget-wrap elementor-element-populated\">\n\t\t\t\t\t\t\t\t<div class=\"elementor-element elementor-element-8b2e927 elementor-arrows-position-inside elementor-pagination-position-outside elementor-widget elementor-widget-image-carousel\" data-id=\"8b2e927\" data-element_type=\"widget\" data-settings=\"{&quot;slides_to_show&quot;:&quot;1&quot;,&quot;navigation&quot;:&quot;both&quot;,&quot;autoplay&quot;:&quot;yes&quot;,&quot;pause_on_hover&quot;:&quot;yes&quot;,&quot;pause_on_interaction&quot;:&quot;yes&quot;,&quot;autoplay_speed&quot;:5000,&quot;infinite&quot;:&quot;yes&quot;,&quot;effect&quot;:&quot;slide&quot;,&quot;speed&quot;:500}\" data-widget_type=\"image-carousel.default\">\n\t\t\t\t<div class=\"elementor-widget-container\">\n\t\t\t<style>\/*! elementor - v3.18.0 - 20-12-2023 *\/\n.elementor-widget-image-carousel .swiper,.elementor-widget-image-carousel .swiper-container{position:static}.elementor-widget-image-carousel .swiper-container .swiper-slide figure,.elementor-widget-image-carousel .swiper .swiper-slide figure{line-height:inherit}.elementor-widget-image-carousel .swiper-slide{text-align:center}.elementor-image-carousel-wrapper:not(.swiper-container-initialized):not(.swiper-initialized) .swiper-slide{max-width:calc(100% \/ var(--e-image-carousel-slides-to-show, 3))}<\/style>\t\t<div class=\"elementor-image-carousel-wrapper swiper-container\" dir=\"ltr\">\n\t\t\t<div class=\"elementor-image-carousel swiper-wrapper\" aria-live=\"off\">\n\t\t\t\t\t\t\t\t<div class=\"swiper-slide\" role=\"group\" aria-roledescription=\"slide\" aria-label=\"1 sur 3\"><figure class=\"swiper-slide-inner\"><img decoding=\"async\" class=\"swiper-slide-image\" src=\"https:\/\/alohajoy.fr\/wp-content\/uploads\/2022\/07\/WEB-Aloha-joy-photographe-DSC05130-768x1152.jpg\" alt=\"Photographe estime de soi - Les Angles - Gard\" \/><\/figure><\/div><div class=\"swiper-slide\" role=\"group\" aria-roledescription=\"slide\" aria-label=\"2 sur 3\"><figure class=\"swiper-slide-inner\"><img decoding=\"async\" class=\"swiper-slide-image\" src=\"https:\/\/alohajoy.fr\/wp-content\/uploads\/2022\/07\/WEB-Aloha-Joy-Photographe-DSC09708-768x1152.jpg\" alt=\"Lumiere-naturelle-Photographe\" \/><\/figure><\/div><div class=\"swiper-slide\" role=\"group\" aria-roledescription=\"slide\" aria-label=\"3 sur 3\"><figure class=\"swiper-slide-inner\"><img decoding=\"async\" class=\"swiper-slide-image\" src=\"https:\/\/alohajoy.fr\/wp-content\/uploads\/2022\/07\/WEB-Aloha-joy-photographe-DSC05009-768x1152.jpg\" alt=\"Photographe-femme-sudest\" \/><\/figure><\/div>\t\t\t<\/div>\n\t\t\t\t\t\t\t\t\t\t\t\t<div class=\"elementor-swiper-button elementor-swiper-button-prev\" role=\"button\" tabindex=\"0\">\n\t\t\t\t\t\t<i aria-hidden=\"true\" class=\"eicon-chevron-left\"><\/i>\t\t\t\t\t<\/div>\n\t\t\t\t\t<div class=\"elementor-swiper-button elementor-swiper-button-next\" role=\"button\" tabindex=\"0\">\n\t\t\t\t\t\t<i aria-hidden=\"true\" class=\"eicon-chevron-right\"><\/i>\t\t\t\t\t<\/div>\n\t\t\t\t\n\t\t\t\t\t\t\t\t\t<div class=\"swiper-pagination\"><\/div>\n\t\t\t\t\t\t\t\t\t<\/div>\n\t\t\t\t<\/div>\n\t\t\t\t<\/div>\n\t\t\t\t\t<\/div>\n\t\t<\/div>\n\t\t\t\t\t\t\t<\/div>\n\t\t<\/section>\n\t\t\t\t\t\t\t<\/div>\n\t\t","protected":false},"excerpt":{"rendered":"<p>Estime de soi Estime de soi Je souhaite aider les femmes \u00e0 se trouver belles. Nous avons toutes peur de l&rsquo;objectif, car nous avons du mal \u00e0 l\u00e2cher prise. Une fois que je vous ai aid\u00e9 \u00e0 oublier l&rsquo;appareil photo, dans une atmosph\u00e8re bienveillante et \u00e0 votre \u00e9coute, je capture votre authenticit\u00e9 et votre naturel. &hellip;<\/p>\n<p class=\"read-more\"> <a class=\"\" href=\"https:\/\/alohajoy.fr\/index.php\/estime-de-soi\/\"> <span class=\"screen-reader-text\">Estime de soi<\/span> Lire la suite\u00a0\u00bb<\/a><\/p>\n","protected":false},"author":1,"featured_media":0,"parent":0,"menu_order":0,"comment_status":"closed","ping_status":"closed","template":"","meta":{"site-sidebar-layout":"no-sidebar","site-content-layout":"page-builder","ast-global-header-display":"","ast-main-header-display":"","ast-hfb-above-header-display":"","ast-hfb-below-header-display":"","ast-hfb-mobile-header-display":"","site-post-title":"disabled","ast-breadcrumbs-content":"","ast-featured-img":"","footer-sml-layout":"","theme-transparent-header-meta":"enabled","adv-header-id-meta":"","stick-header-meta":"","header-above-stick-meta":"","header-main-stick-meta":"","header-below-stick-meta":"","footnotes":""},"class_list":["post-1612","page","type-page","status-publish","hentry"],"yoast_head":"<!-- This site is optimized with the Yoast SEO plugin v21.8 - https:\/\/yoast.com\/wordpress\/plugins\/seo\/ -->\n<title>Estime de soi - Aloha Joy - Grossesse, Couple, Famille, Allaitement<\/title>\n<meta name=\"description\" content=\"Vous souhaitez immortaliser un moment de vie particulier (grossesse, allaitement) ou du quotidien (famille, couple) ? Photographe professionnel sur Avignon &amp; ses alentours, je vous propose des s\u00e9ances photos authentiques qui vous ressemblent, en ext\u00e9rieur ou \u00e0 votre domicile.\" \/>\n<meta name=\"robots\" content=\"index, follow, max-snippet:-1, max-image-preview:large, max-video-preview:-1\" \/>\n<link rel=\"canonical\" href=\"https:\/\/alohajoy.fr\/index.php\/estime-de-soi\/\" \/>\n<meta property=\"og:locale\" content=\"fr_FR\" \/>\n<meta property=\"og:type\" content=\"article\" \/>\n<meta property=\"og:title\" content=\"Estime de soi - Aloha Joy - Grossesse, Couple, Famille, Allaitement\" \/>\n<meta property=\"og:description\" content=\"Vous souhaitez immortaliser un moment de vie particulier (grossesse, allaitement) ou du quotidien (famille, couple) ? Photographe professionnel sur Avignon &amp; ses alentours, je vous propose des s\u00e9ances photos authentiques qui vous ressemblent, en ext\u00e9rieur ou \u00e0 votre domicile.\" \/>\n<meta property=\"og:url\" content=\"https:\/\/alohajoy.fr\/index.php\/estime-de-soi\/\" \/>\n<meta property=\"og:site_name\" content=\"Aloha Joy\" \/>\n<meta property=\"article:modified_time\" content=\"2022-07-13T15:45:21+00:00\" \/>\n<meta property=\"og:image\" content=\"https:\/\/alohajoy.fr\/wp-content\/uploads\/2022\/07\/WEB-Aloha-Joy-Photographe-DSC05851-1-683x1024.jpg\" \/>\n<meta name=\"twitter:card\" content=\"summary_large_image\" \/>\n<meta name=\"twitter:label1\" content=\"Dur\u00e9e de lecture estim\u00e9e\" \/>\n\t<meta name=\"twitter:data1\" content=\"2 minutes\" \/>\n<script type=\"application\/ld+json\" class=\"yoast-schema-graph\">{\"@context\":\"https:\/\/schema.org\",\"@graph\":[{\"@type\":\"WebPage\",\"@id\":\"https:\/\/alohajoy.fr\/index.php\/estime-de-soi\/\",\"url\":\"https:\/\/alohajoy.fr\/index.php\/estime-de-soi\/\",\"name\":\"Estime de soi - Aloha Joy - Grossesse, Couple, Famille, Allaitement\",\"isPartOf\":{\"@id\":\"https:\/\/alohajoy.fr\/#website\"},\"datePublished\":\"2022-07-13T14:24:32+00:00\",\"dateModified\":\"2022-07-13T15:45:21+00:00\",\"description\":\"Vous souhaitez immortaliser un moment de vie particulier (grossesse, allaitement) ou du quotidien (famille, couple) ? Photographe professionnel sur Avignon & ses alentours, je vous propose des s\u00e9ances photos authentiques qui vous ressemblent, en ext\u00e9rieur ou \u00e0 votre domicile.\",\"breadcrumb\":{\"@id\":\"https:\/\/alohajoy.fr\/index.php\/estime-de-soi\/#breadcrumb\"},\"inLanguage\":\"fr-FR\",\"potentialAction\":[{\"@type\":\"ReadAction\",\"target\":[\"https:\/\/alohajoy.fr\/index.php\/estime-de-soi\/\"]}]},{\"@type\":\"BreadcrumbList\",\"@id\":\"https:\/\/alohajoy.fr\/index.php\/estime-de-soi\/#breadcrumb\",\"itemListElement\":[{\"@type\":\"ListItem\",\"position\":1,\"name\":\"Accueil\",\"item\":\"https:\/\/alohajoy.fr\/\"},{\"@type\":\"ListItem\",\"position\":2,\"name\":\"Estime de soi\"}]},{\"@type\":\"WebSite\",\"@id\":\"https:\/\/alohajoy.fr\/#website\",\"url\":\"https:\/\/alohajoy.fr\/\",\"name\":\"Aloha Joy\",\"description\":\"\",\"publisher\":{\"@id\":\"https:\/\/alohajoy.fr\/#organization\"},\"potentialAction\":[{\"@type\":\"SearchAction\",\"target\":{\"@type\":\"EntryPoint\",\"urlTemplate\":\"https:\/\/alohajoy.fr\/?s={search_term_string}\"},\"query-input\":\"required name=search_term_string\"}],\"inLanguage\":\"fr-FR\"},{\"@type\":\"Organization\",\"@id\":\"https:\/\/alohajoy.fr\/#organization\",\"name\":\"Aloha Joy\",\"url\":\"https:\/\/alohajoy.fr\/\",\"logo\":{\"@type\":\"ImageObject\",\"inLanguage\":\"fr-FR\",\"@id\":\"https:\/\/alohajoy.fr\/#\/schema\/logo\/image\/\",\"url\":\"https:\/\/alohajoy.fr\/wp-content\/uploads\/2022\/05\/cropped-AlohaJoy_natifs2-jaune-200x200-1.png\",\"contentUrl\":\"https:\/\/alohajoy.fr\/wp-content\/uploads\/2022\/05\/cropped-AlohaJoy_natifs2-jaune-200x200-1.png\",\"width\":210,\"height\":200,\"caption\":\"Aloha Joy\"},\"image\":{\"@id\":\"https:\/\/alohajoy.fr\/#\/schema\/logo\/image\/\"}}]}<\/script>\n<!-- \/ Yoast SEO plugin. -->","yoast_head_json":{"title":"Estime de soi - Aloha Joy - Grossesse, Couple, Famille, Allaitement","description":"Vous souhaitez immortaliser un moment de vie particulier (grossesse, allaitement) ou du quotidien (famille, couple) ? Photographe professionnel sur Avignon & ses alentours, je vous propose des s\u00e9ances photos authentiques qui vous ressemblent, en ext\u00e9rieur ou \u00e0 votre domicile.","robots":{"index":"index","follow":"follow","max-snippet":"max-snippet:-1","max-image-preview":"max-image-preview:large","max-video-preview":"max-video-preview:-1"},"canonical":"https:\/\/alohajoy.fr\/index.php\/estime-de-soi\/","og_locale":"fr_FR","og_type":"article","og_title":"Estime de soi - Aloha Joy - Grossesse, Couple, Famille, Allaitement","og_description":"Vous souhaitez immortaliser un moment de vie particulier (grossesse, allaitement) ou du quotidien (famille, couple) ? Photographe professionnel sur Avignon & ses alentours, je vous propose des s\u00e9ances photos authentiques qui vous ressemblent, en ext\u00e9rieur ou \u00e0 votre domicile.","og_url":"https:\/\/alohajoy.fr\/index.php\/estime-de-soi\/","og_site_name":"Aloha Joy","article_modified_time":"2022-07-13T15:45:21+00:00","og_image":[{"url":"https:\/\/alohajoy.fr\/wp-content\/uploads\/2022\/07\/WEB-Aloha-Joy-Photographe-DSC05851-1-683x1024.jpg"}],"twitter_card":"summary_large_image","twitter_misc":{"Dur\u00e9e de lecture estim\u00e9e":"2 minutes"},"schema":{"@context":"https:\/\/schema.org","@graph":[{"@type":"WebPage","@id":"https:\/\/alohajoy.fr\/index.php\/estime-de-soi\/","url":"https:\/\/alohajoy.fr\/index.php\/estime-de-soi\/","name":"Estime de soi - Aloha Joy - Grossesse, Couple, Famille, Allaitement","isPartOf":{"@id":"https:\/\/alohajoy.fr\/#website"},"datePublished":"2022-07-13T14:24:32+00:00","dateModified":"2022-07-13T15:45:21+00:00","description":"Vous souhaitez immortaliser un moment de vie particulier (grossesse, allaitement) ou du quotidien (famille, couple) ? Photographe professionnel sur Avignon & ses alentours, je vous propose des s\u00e9ances photos authentiques qui vous ressemblent, en ext\u00e9rieur ou \u00e0 votre domicile.","breadcrumb":{"@id":"https:\/\/alohajoy.fr\/index.php\/estime-de-soi\/#breadcrumb"},"inLanguage":"fr-FR","potentialAction":[{"@type":"ReadAction","target":["https:\/\/alohajoy.fr\/index.php\/estime-de-soi\/"]}]},{"@type":"BreadcrumbList","@id":"https:\/\/alohajoy.fr\/index.php\/estime-de-soi\/#breadcrumb","itemListElement":[{"@type":"ListItem","position":1,"name":"Accueil","item":"https:\/\/alohajoy.fr\/"},{"@type":"ListItem","position":2,"name":"Estime de soi"}]},{"@type":"WebSite","@id":"https:\/\/alohajoy.fr\/#website","url":"https:\/\/alohajoy.fr\/","name":"Aloha Joy","description":"","publisher":{"@id":"https:\/\/alohajoy.fr\/#organization"},"potentialAction":[{"@type":"SearchAction","target":{"@type":"EntryPoint","urlTemplate":"https:\/\/alohajoy.fr\/?s={search_term_string}"},"query-input":"required name=search_term_string"}],"inLanguage":"fr-FR"},{"@type":"Organization","@id":"https:\/\/alohajoy.fr\/#organization","name":"Aloha Joy","url":"https:\/\/alohajoy.fr\/","logo":{"@type":"ImageObject","inLanguage":"fr-FR","@id":"https:\/\/alohajoy.fr\/#\/schema\/logo\/image\/","url":"https:\/\/alohajoy.fr\/wp-content\/uploads\/2022\/05\/cropped-AlohaJoy_natifs2-jaune-200x200-1.png","contentUrl":"https:\/\/alohajoy.fr\/wp-content\/uploads\/2022\/05\/cropped-AlohaJoy_natifs2-jaune-200x200-1.png","width":210,"height":200,"caption":"Aloha Joy"},"image":{"@id":"https:\/\/alohajoy.fr\/#\/schema\/logo\/image\/"}}]}},"_links":{"self":[{"href":"https:\/\/alohajoy.fr\/index.php\/wp-json\/wp\/v2\/pages\/1612","targetHints":{"allow":["GET"]}}],"collection":[{"href":"https:\/\/alohajoy.fr\/index.php\/wp-json\/wp\/v2\/pages"}],"about":[{"href":"https:\/\/alohajoy.fr\/index.php\/wp-json\/wp\/v2\/types\/page"}],"author":[{"embeddable":true,"href":"https:\/\/alohajoy.fr\/index.php\/wp-json\/wp\/v2\/users\/1"}],"replies":[{"embeddable":true,"href":"https:\/\/alohajoy.fr\/index.php\/wp-json\/wp\/v2\/comments?post=1612"}],"version-history":[{"count":18,"href":"https:\/\/alohajoy.fr\/index.php\/wp-json\/wp\/v2\/pages\/1612\/revisions"}],"predecessor-version":[{"id":1650,"href":"https:\/\/alohajoy.fr\/index.php\/wp-json\/wp\/v2\/pages\/1612\/revisions\/1650"}],"wp:attachment":[{"href":"https:\/\/alohajoy.fr\/index.php\/wp-json\/wp\/v2\/media?parent=1612"}],"curies":[{"name":"wp","href":"https:\/\/api.w.org\/{rel}","templated":true}]}}